{"id":88,"date":"2018-09-28T20:32:41","date_gmt":"2018-09-28T20:32:41","guid":{"rendered":"http:\/\/therapie-bei-tom.de\/?page_id=88"},"modified":"2023-08-12T14:32:07","modified_gmt":"2023-08-12T14:32:07","slug":"impressum","status":"publish","type":"page","link":"https:\/\/therapie-bei-tom.de\/?page_id=88","title":{"rendered":"Impressum"},"content":{"rendered":"<h3 data-fontsize=\"22\" data-lineheight=\"31\">Impressum<\/h3>\n<h3 data-fontsize=\"22\" data-lineheight=\"31\">Angaben gem\u00e4\u00df \u00a7 5 TMG<\/h3>\n<p>Tom Helmreich<br \/>\nTherapie bei Tom<br \/>\nKanzleistr. 17<br \/>\n63762 Gro\u00dfostheim<\/p>\n<h3 data-fontsize=\"22\" data-lineheight=\"31\">Kontakt<\/h3>\n<p>E-Mail: tom@therapie-bei-tom.de<\/p>\n<p>Berufsbezeichnung und berufsrechtliche Regelungen<\/p>\n<p>Berufsbezeichnung: Physiotherapeuten<br \/>\nZust\u00e4ndige Kammer:<br \/>\nVerliehen durch das Land Baden-W\u00fcrttemberg<br \/>\nEs gelten folgende berufsrechtliche Regelungen: Die berufsrechtliche Regelung f\u00fcr den Berufsstand der staatlich anerkannten Physiotherapeuten bildet das Gesetz \u00fcber die Berufe der Physiotherapie. (=Masseur-Physiotherapeutengesetz (MPhG) vom 26.05.1994<\/p>\n<p>Regelungen einsehbar unter:\u00a0<a href=\"https:\/\/www.gesetze-im-internet.de\/mphg\/BJNR108400994.html\" target=\"_blank\" rel=\"noopener noreferrer\">https:\/\/www.gesetze-im-internet.de\/mphg\/BJNR108400994.html<\/a><\/p>\n<h3 data-fontsize=\"22\" data-lineheight=\"31\">Angaben zur Berufshaftpflichtversicherung<\/h3>\n<p><strong>Name und Sitz des Versicherers: Haftpflichtkasse Darmstadt<br \/>\n<\/strong><\/p>\n<p><strong>Geltungsraum der Versicherung: Berufshaftpflicht Physiotherapie &amp; Personaltrainer<\/strong><br \/>\nDeutschland<\/p>\n<p>Ich bin nicht bereit oder verpflichtet, an Streitbeilegungsverfahren vor einer Verbraucherschlichtungsstelle teilzunehmen.<\/p>\n<h3 data-fontsize=\"22\" data-lineheight=\"31\">Haftung f\u00fcr Inhalte<\/h3>\n<p>Als Diensteanbieter sind wir gem\u00e4\u00df \u00a7 7 Abs.1 TMG f\u00fcr eigene Inhalte auf diesen Seiten nach den allgemeinen Gesetzen verantwortlich. Nach \u00a7\u00a7 8 bis 10 TMG sind wir als Diensteanbieter jedoch nicht verpflichtet, \u00fcbermittelte oder gespeicherte fremde Informationen zu \u00fcberwachen oder nach Umst\u00e4nden zu forschen, die auf eine rechtswidrige T\u00e4tigkeit hinweisen.<\/p>\n<p>Verpflichtungen zur Entfernung oder Sperrung der Nutzung von Informationen nach den allgemeinen Gesetzen bleiben hiervon unber\u00fchrt. Eine diesbez\u00fcgliche Haftung ist jedoch erst ab dem Zeitpunkt der Kenntnis einer konkreten Rechtsverletzung m\u00f6glich. Bei Bekanntwerden von entsprechenden Rechtsverletzungen werden wir diese Inhalte umgehend entfernen.<\/p>\n<h3 data-fontsize=\"22\" data-lineheight=\"31\">Haftung f\u00fcr Links<\/h3>\n<p>Mein Angebot enth\u00e4lt Links zu externen Websites Dritter, auf deren Inhalte ich keinen Einfluss haben. Deshalb kann ich f\u00fcr diese fremden Inhalte auch keine Gew\u00e4hr \u00fcbernehmen. F\u00fcr die Inhalte der verlinkten Seiten ist stets der jeweilige Anbieter oder Betreiber der Seiten verantwortlich. Die verlinkten Seiten wurden zum Zeitpunkt der Verlinkung auf m\u00f6gliche Rechtsverst\u00f6\u00dfe \u00fcberpr\u00fcft. Rechtswidrige Inhalte waren zum Zeitpunkt der Verlinkung nicht erkennbar.<\/p>\n<p>Eine permanente inhaltliche Kontrolle der verlinkten Seiten ist jedoch ohne konkrete Anhaltspunkte einer Rechtsverletzung nicht zumutbar. Bei Bekanntwerden von Rechtsverletzungen werden ich derartige Links umgehend entfernen.<\/p>\n<h3 data-fontsize=\"22\" data-lineheight=\"31\">Urheberrecht<\/h3>\n<p>Die durch die Seitenbetreiber erstellten Inhalte und Werke auf diesen Seiten unterliegen dem deutschen Urheberrecht. Die Vervielf\u00e4ltigung, Bearbeitung, Verbreitung und jede Art der Verwertung au\u00dferhalb der Grenzen des Urheberrechtes bed\u00fcrfen der schriftlichen Zustimmung des jeweiligen Autors bzw. Erstellers. Downloads und Kopien dieser Seite sind nur f\u00fcr den privaten, nicht kommerziellen Gebrauch gestattet.<\/p>\n<p>Soweit die Inhalte auf dieser Seite nicht vom Betreiber erstellt wurden, werden die Urheberrechte Dritter beachtet. Insbesondere werden Inhalte Dritter als solche gekennzeichnet. Sollten Sie trotzdem auf eine Urheberrechtsverletzung aufmerksam werden, bitten wir um einen entsprechenden Hinweis. Bei Bekanntwerden von Rechtsverletzungen werden wir derartige Inhalte umgehend entfernen.<\/p>\n","protected":false},"excerpt":{"rendered":"<p>Impressum Angaben gem\u00e4\u00df \u00a7 5 TMG Tom Helmreich Therapie bei Tom Kanzleistr. 17 63762 Gro\u00dfostheim Kontakt E-Mail: tom@therapie-bei-tom.de Berufsbezeichnung und berufsrechtliche Regelungen Berufsbezeichnung: Physiotherapeuten Zust\u00e4ndige Kammer: Verliehen durch das Land Baden-W\u00fcrttemberg Es gelten folgende berufsrechtliche Regelungen: Die berufsrechtliche Regelung f\u00fcr den Berufsstand der staatlich anerkannten Physiotherapeuten bildet das Gesetz \u00fcber die Berufe der Physiotherapie. (=Masseur-Physiotherapeutengesetz &#8230; <a title=\"Impressum\" class=\"read-more\" href=\"https:\/\/therapie-bei-tom.de\/?page_id=88\" aria-label=\"Mehr Informationen \u00fcber Impressum\">Weiterlesen<\/a><\/p>\n","protected":false},"author":1,"featured_media":0,"parent":0,"menu_order":0,"comment_status":"closed","ping_status":"closed","template":"","meta":{"footnotes":""},"class_list":["post-88","page","type-page","status-publish"],"_links":{"self":[{"href":"https:\/\/therapie-bei-tom.de\/index.php?rest_route=\/wp\/v2\/pages\/88","targetHints":{"allow":["GET"]}}],"collection":[{"href":"https:\/\/therapie-bei-tom.de\/index.php?rest_route=\/wp\/v2\/pages"}],"about":[{"href":"https:\/\/therapie-bei-tom.de\/index.php?rest_route=\/wp\/v2\/types\/page"}],"author":[{"embeddable":true,"href":"https:\/\/therapie-bei-tom.de\/index.php?rest_route=\/wp\/v2\/users\/1"}],"replies":[{"embeddable":true,"href":"https:\/\/therapie-bei-tom.de\/index.php?rest_route=%2Fwp%2Fv2%2Fcomments&post=88"}],"version-history":[{"count":5,"href":"https:\/\/therapie-bei-tom.de\/index.php?rest_route=\/wp\/v2\/pages\/88\/revisions"}],"predecessor-version":[{"id":335,"href":"https:\/\/therapie-bei-tom.de\/index.php?rest_route=\/wp\/v2\/pages\/88\/revisions\/335"}],"wp:attachment":[{"href":"https:\/\/therapie-bei-tom.de\/index.php?rest_route=%2Fwp%2Fv2%2Fmedia&parent=88"}],"curies":[{"name":"wp","href":"https:\/\/api.w.org\/{rel}","templated":true}]}}