{"id":27,"date":"2018-08-03T20:31:41","date_gmt":"2018-08-03T20:31:41","guid":{"rendered":"http:\/\/therapie-bei-tom.de\/?page_id=27"},"modified":"2019-07-24T20:31:17","modified_gmt":"2019-07-24T20:31:17","slug":"tensegrity","status":"publish","type":"page","link":"https:\/\/therapie-bei-tom.de\/?page_id=27","title":{"rendered":"Osteopathische Techniken"},"content":{"rendered":"\t\t<div data-elementor-type=\"wp-page\" data-elementor-id=\"27\" class=\"elementor elementor-27\">\n\t\t\t\t\t\t<section class=\"elementor-section elementor-top-section elementor-element elementor-element-b4c0976 elementor-section-boxed elementor-section-height-default elementor-section-height-default\" data-id=\"b4c0976\" data-element_type=\"section\" data-e-type=\"section\">\n\t\t\t\t\t\t<div class=\"elementor-container elementor-column-gap-default\">\n\t\t\t\t\t<div class=\"elementor-column elementor-col-100 elementor-top-column elementor-element elementor-element-4262297\" data-id=\"4262297\" data-element_type=\"column\" data-e-type=\"column\">\n\t\t\t<div class=\"elementor-widget-wrap elementor-element-populated\">\n\t\t\t\t\t\t<div class=\"elementor-element elementor-element-42866e5 elementor-widget elementor-widget-image\" data-id=\"42866e5\" data-element_type=\"widget\" data-e-type=\"widget\" data-widget_type=\"image.default\">\n\t\t\t\t<div class=\"elementor-widget-container\">\n\t\t\t\t\t\t\t\t\t\t\t\t<figure class=\"wp-caption\">\n\t\t\t\t\t\t\t\t\t\t<img decoding=\"async\" width=\"150\" height=\"150\" src=\"https:\/\/therapie-bei-tom.de\/wp-content\/uploads\/2018\/10\/Therapie_bei_Tom_Icon_Modell-150x150.jpg\" class=\"attachment-thumbnail size-thumbnail wp-image-129\" alt=\"\" \/>\t\t\t\t\t\t\t\t\t\t\t<figcaption class=\"widget-image-caption wp-caption-text\"><\/figcaption>\n\t\t\t\t\t\t\t\t\t\t<\/figure>\n\t\t\t\t\t\t\t\t\t<\/div>\n\t\t\t\t<\/div>\n\t\t\t\t\t<\/div>\n\t\t<\/div>\n\t\t\t\t\t<\/div>\n\t\t<\/section>\n\t\t\t\t<section class=\"elementor-section elementor-top-section elementor-element elementor-element-b432ccb elementor-section-boxed elementor-section-height-default elementor-section-height-default\" data-id=\"b432ccb\" data-element_type=\"section\" data-e-type=\"section\">\n\t\t\t\t\t\t<div class=\"elementor-container elementor-column-gap-default\">\n\t\t\t\t\t<div class=\"elementor-column elementor-col-100 elementor-top-column elementor-element elementor-element-ddf0f3f\" data-id=\"ddf0f3f\" data-element_type=\"column\" data-e-type=\"column\">\n\t\t\t<div class=\"elementor-widget-wrap elementor-element-populated\">\n\t\t\t\t\t\t<div class=\"elementor-element elementor-element-8d42fb5 elementor-widget elementor-widget-text-editor\" data-id=\"8d42fb5\" data-element_type=\"widget\" data-e-type=\"widget\" data-widget_type=\"text-editor.default\">\n\t\t\t\t<div class=\"elementor-widget-container\">\n\t\t\t\t\t\t\t\t\t<h2><strong>Was ist Osteopathie?<\/strong><\/h2><p>Osteopathie ist ein <strong>manuelles Untersuchungs- und Behandlungsverfahren<\/strong> f\u00fcr den Bewegungsapparat, die Organe und das Gewebe im K\u00f6rper. Der Osteopath untersucht und behandelt die Bewegungsm\u00f6glichkeiten all dieser Systeme manuell und sucht nach Bewegungseinschr\u00e4nkungen, die mit den Beschwerden des Patienten zusammenh\u00e4ngen k\u00f6nnen. Osteopathen greifen auf umfassendes praktisches Wissen im Bereich Anatomie, Physiologie, Neurologie und Pathologie zur\u00fcck.<\/p><h2><strong>Was macht ein Osteopath?<\/strong><\/h2><p>Ein Osteopath verschafft sich einen \u00dcberblick \u00fcber Bewegungseinschr\u00e4nkungen im K\u00f6rper, die mit den Beschwerden zusammenh\u00e4ngen. Er sucht nach deren Ursache und behandelt diese durch Manipulation, Muskeltechniken und Mobilisation. Der Osteopath heilt nicht, er regt den K\u00f6rper zur Selbstheilung an. Ger\u00e4te oder Medikamente werden nicht eingesetzt.<\/p><p>Nach der Behandlung braucht der K\u00f6rper Ruhe, um auf die Behandlungstechniken zu reagieren.<\/p>\t\t\t\t\t\t\t\t<\/div>\n\t\t\t\t<\/div>\n\t\t\t\t\t<\/div>\n\t\t<\/div>\n\t\t\t\t\t<\/div>\n\t\t<\/section>\n\t\t\t\t<section class=\"elementor-section elementor-top-section elementor-element elementor-element-30fd3f9 elementor-section-boxed elementor-section-height-default elementor-section-height-default\" data-id=\"30fd3f9\" data-element_type=\"section\" data-e-type=\"section\">\n\t\t\t\t\t\t<div class=\"elementor-container elementor-column-gap-default\">\n\t\t\t\t\t<div class=\"elementor-column elementor-col-33 elementor-top-column elementor-element elementor-element-ce5b5be\" data-id=\"ce5b5be\" data-element_type=\"column\" data-e-type=\"column\">\n\t\t\t<div class=\"elementor-widget-wrap elementor-element-populated\">\n\t\t\t\t\t\t<div class=\"elementor-element elementor-element-64cb028 elementor-widget elementor-widget-text-editor\" data-id=\"64cb028\" data-element_type=\"widget\" data-e-type=\"widget\" data-widget_type=\"text-editor.default\">\n\t\t\t\t<div class=\"elementor-widget-container\">\n\t\t\t\t\t\t\t\t\t<p><span><span style=\"font-family: Lato; font-size: 14px;\"><span style=\"font-weight: 400;\"><span><b>Parietale Osteopathie<\/b> <\/span><\/span><\/span><\/span><\/p><p><span><span style=\"font-family: Lato; font-size: 14px;\"><span style=\"font-weight: 400;\"><span>Die parietale Osteopathie ist die Basis aller osteopathischen Behandlungen und konzentriert sich auf die Untersuchung und Behandlung des Bewegungsapparates, der Knochen, B\u00e4nder und Muskeln.<\/span><\/span><\/span><\/span><\/p>\t\t\t\t\t\t\t\t<\/div>\n\t\t\t\t<\/div>\n\t\t\t\t\t<\/div>\n\t\t<\/div>\n\t\t\t\t<div class=\"elementor-column elementor-col-33 elementor-top-column elementor-element elementor-element-6daf748\" data-id=\"6daf748\" data-element_type=\"column\" data-e-type=\"column\">\n\t\t\t<div class=\"elementor-widget-wrap elementor-element-populated\">\n\t\t\t\t\t\t<div class=\"elementor-element elementor-element-bd8b9ac elementor-widget elementor-widget-text-editor\" data-id=\"bd8b9ac\" data-element_type=\"widget\" data-e-type=\"widget\" data-widget_type=\"text-editor.default\">\n\t\t\t\t<div class=\"elementor-widget-container\">\n\t\t\t\t\t\t\t\t\t<p><span><span style=\"font-family: Lato; font-size: 14px;\"><span style=\"font-weight: 400;\"><span><b>Viscerale Osteopathie<\/b><\/span><\/span><\/span><\/span><\/p><p><span><span style=\"font-family: Lato; font-size: 14px;\"><span style=\"font-weight: 400;\"><span>Die viscerale Osteopathie ist der Teil der Osteopathie, der sich speziell der Behandlung innerer Organe (Viscera) widmet, den Blutgef\u00e4\u00dfen, Lymphbahnen und dem dazugeh\u00f6rigen Bindegewebe, den Fascien.<br \/><\/span><\/span><\/span><\/span><\/p><p><span><span style=\"font-family: Lato; font-size: 14px;\"><span style=\"font-weight: 400;\"><span>\u00a0 <br \/><\/span><\/span><\/span><\/span><\/p>\t\t\t\t\t\t\t\t<\/div>\n\t\t\t\t<\/div>\n\t\t\t\t\t<\/div>\n\t\t<\/div>\n\t\t\t\t<div class=\"elementor-column elementor-col-33 elementor-top-column elementor-element elementor-element-074ee4b\" data-id=\"074ee4b\" data-element_type=\"column\" data-e-type=\"column\">\n\t\t\t<div class=\"elementor-widget-wrap elementor-element-populated\">\n\t\t\t\t\t\t<div class=\"elementor-element elementor-element-9f8d4ba elementor-widget elementor-widget-text-editor\" data-id=\"9f8d4ba\" data-element_type=\"widget\" data-e-type=\"widget\" data-widget_type=\"text-editor.default\">\n\t\t\t\t<div class=\"elementor-widget-container\">\n\t\t\t\t\t\t\t\t\t<p><span><span style=\"font-family: Lato; font-size: 14px;\"><span style=\"font-weight: 400;\"><span><strong>Craniosacrale<\/strong><b> Osteopathie<\/b> <\/span><\/span><\/span><\/span><\/p><p><span><span style=\"font-family: Lato; font-size: 14px;\"><span style=\"font-weight: 400;\"><span>Der Sch\u00e4del, die Wirbels\u00e4ule und das Becken umgeben das zentrale Nervensystem mit seinen membran\u00f6sen H\u00e4uten. Diese Teile bilden eine Einheit und werden als das craniosacrale System zusammengefasst.<\/span><\/span><\/span><\/span><\/p>\t\t\t\t\t\t\t\t<\/div>\n\t\t\t\t<\/div>\n\t\t\t\t\t<\/div>\n\t\t<\/div>\n\t\t\t\t\t<\/div>\n\t\t<\/section>\n\t\t\t\t<section class=\"elementor-section elementor-top-section elementor-element elementor-element-5964146 elementor-section-boxed elementor-section-height-default elementor-section-height-default\" data-id=\"5964146\" data-element_type=\"section\" data-e-type=\"section\">\n\t\t\t\t\t\t<div class=\"elementor-container elementor-column-gap-default\">\n\t\t\t\t\t<div class=\"elementor-column elementor-col-100 elementor-top-column elementor-element elementor-element-50cfaa0\" data-id=\"50cfaa0\" data-element_type=\"column\" data-e-type=\"column\">\n\t\t\t<div class=\"elementor-widget-wrap elementor-element-populated\">\n\t\t\t\t\t\t<div class=\"elementor-element elementor-element-21b95ac elementor-widget elementor-widget-progress\" data-id=\"21b95ac\" data-element_type=\"widget\" data-e-type=\"widget\" data-widget_type=\"progress.default\">\n\t\t\t\t<div class=\"elementor-widget-container\">\n\t\t\t\t\t\t\t\t<span class=\"elementor-title\" id=\"elementor-progress-bar-21b95ac\">\n\t\t\t\tDiplom in Osteopathie\t\t\t<\/span>\n\t\t\n\t\t<div aria-labelledby=\"elementor-progress-bar-21b95ac\" class=\"elementor-progress-wrapper\" role=\"progressbar\" aria-valuemin=\"0\" aria-valuemax=\"100\" aria-valuenow=\"95\" aria-valuetext=\"95% (Osteopath)\">\n\t\t\t<div class=\"elementor-progress-bar\" data-max=\"95\">\n\t\t\t\t<span class=\"elementor-progress-text\">Osteopath<\/span>\n\t\t\t\t\t\t\t\t\t<span class=\"elementor-progress-percentage\">95%<\/span>\n\t\t\t\t\t\t\t<\/div>\n\t\t<\/div>\n\t\t\t\t\t\t<\/div>\n\t\t\t\t<\/div>\n\t\t\t\t\t<\/div>\n\t\t<\/div>\n\t\t\t\t\t<\/div>\n\t\t<\/section>\n\t\t\t\t<\/div>\n\t\t","protected":false},"excerpt":{"rendered":"<p>Was ist Osteopathie? Osteopathie ist ein manuelles Untersuchungs- und Behandlungsverfahren f\u00fcr den Bewegungsapparat, die Organe und das Gewebe im K\u00f6rper. Der Osteopath untersucht und behandelt die Bewegungsm\u00f6glichkeiten all dieser Systeme manuell und sucht nach Bewegungseinschr\u00e4nkungen, die mit den Beschwerden des Patienten zusammenh\u00e4ngen k\u00f6nnen. Osteopathen greifen auf umfassendes praktisches Wissen im Bereich Anatomie, Physiologie, Neurologie und &#8230; <a title=\"Osteopathische Techniken\" class=\"read-more\" href=\"https:\/\/therapie-bei-tom.de\/?page_id=27\" aria-label=\"Mehr Informationen \u00fcber Osteopathische Techniken\">Weiterlesen<\/a><\/p>\n","protected":false},"author":1,"featured_media":0,"parent":0,"menu_order":0,"comment_status":"closed","ping_status":"closed","template":"","meta":{"footnotes":""},"class_list":["post-27","page","type-page","status-publish"],"_links":{"self":[{"href":"https:\/\/therapie-bei-tom.de\/index.php?rest_route=\/wp\/v2\/pages\/27","targetHints":{"allow":["GET"]}}],"collection":[{"href":"https:\/\/therapie-bei-tom.de\/index.php?rest_route=\/wp\/v2\/pages"}],"about":[{"href":"https:\/\/therapie-bei-tom.de\/index.php?rest_route=\/wp\/v2\/types\/page"}],"author":[{"embeddable":true,"href":"https:\/\/therapie-bei-tom.de\/index.php?rest_route=\/wp\/v2\/users\/1"}],"replies":[{"embeddable":true,"href":"https:\/\/therapie-bei-tom.de\/index.php?rest_route=%2Fwp%2Fv2%2Fcomments&post=27"}],"version-history":[{"count":24,"href":"https:\/\/therapie-bei-tom.de\/index.php?rest_route=\/wp\/v2\/pages\/27\/revisions"}],"predecessor-version":[{"id":281,"href":"https:\/\/therapie-bei-tom.de\/index.php?rest_route=\/wp\/v2\/pages\/27\/revisions\/281"}],"wp:attachment":[{"href":"https:\/\/therapie-bei-tom.de\/index.php?rest_route=%2Fwp%2Fv2%2Fmedia&parent=27"}],"curies":[{"name":"wp","href":"https:\/\/api.w.org\/{rel}","templated":true}]}}