{"id":24,"date":"2018-08-03T20:31:25","date_gmt":"2018-08-03T20:31:25","guid":{"rendered":"http:\/\/therapie-bei-tom.de\/?page_id=24"},"modified":"2023-08-12T14:21:52","modified_gmt":"2023-08-12T14:21:52","slug":"therapie","status":"publish","type":"page","link":"https:\/\/therapie-bei-tom.de\/?page_id=24","title":{"rendered":"Physiotherapie Praxis"},"content":{"rendered":"\t\t<div data-elementor-type=\"wp-page\" data-elementor-id=\"24\" class=\"elementor elementor-24\">\n\t\t\t\t\t\t<section class=\"elementor-section elementor-top-section elementor-element elementor-element-fb10815 elementor-section-boxed elementor-section-height-default elementor-section-height-default\" data-id=\"fb10815\" data-element_type=\"section\" data-e-type=\"section\">\n\t\t\t\t\t\t<div class=\"elementor-container elementor-column-gap-default\">\n\t\t\t\t\t<div class=\"elementor-column elementor-col-100 elementor-top-column elementor-element elementor-element-65101c2\" data-id=\"65101c2\" data-element_type=\"column\" data-e-type=\"column\">\n\t\t\t<div class=\"elementor-widget-wrap elementor-element-populated\">\n\t\t\t\t\t\t<div class=\"elementor-element elementor-element-6b975ae elementor-widget elementor-widget-image\" data-id=\"6b975ae\" data-element_type=\"widget\" data-e-type=\"widget\" data-widget_type=\"image.default\">\n\t\t\t\t<div class=\"elementor-widget-container\">\n\t\t\t\t\t\t\t\t\t\t\t\t\t\t\t<img decoding=\"async\" width=\"150\" height=\"150\" src=\"https:\/\/therapie-bei-tom.de\/wp-content\/uploads\/2018\/10\/Therapie_bei_Tom_Icon_Hand-150x150.jpg\" class=\"attachment-thumbnail size-thumbnail wp-image-128\" alt=\"\" \/>\t\t\t\t\t\t\t\t\t\t\t\t\t\t\t<\/div>\n\t\t\t\t<\/div>\n\t\t\t\t\t<\/div>\n\t\t<\/div>\n\t\t\t\t\t<\/div>\n\t\t<\/section>\n\t\t\t\t<section class=\"elementor-section elementor-top-section elementor-element elementor-element-104859a elementor-section-boxed elementor-section-height-default elementor-section-height-default\" data-id=\"104859a\" data-element_type=\"section\" data-e-type=\"section\">\n\t\t\t\t\t\t<div class=\"elementor-container elementor-column-gap-default\">\n\t\t\t\t\t<div class=\"elementor-column elementor-col-50 elementor-top-column elementor-element elementor-element-da89f13\" data-id=\"da89f13\" data-element_type=\"column\" data-e-type=\"column\">\n\t\t\t<div class=\"elementor-widget-wrap elementor-element-populated\">\n\t\t\t\t\t\t<div class=\"elementor-element elementor-element-14bb2d9 elementor-widget elementor-widget-text-editor\" data-id=\"14bb2d9\" data-element_type=\"widget\" data-e-type=\"widget\" data-widget_type=\"text-editor.default\">\n\t\t\t\t<div class=\"elementor-widget-container\">\n\t\t\t\t\t\t\t\t\t<p>Herzlich Willkommen bei <strong>Therapie bei Tom,<\/strong><\/p><p>ich freue mich, Sie in meinen frisch renovierten R\u00e4umlichkeiten in der Kanzleistra\u00dfe 17 begr\u00fc\u00dfen zu d\u00fcrfen.<\/p><p>Ich stehe Ihnen zur Seite, um Ihnen bei der Genesung und Steigerung Ihres Wohlbefindens behilflich zu sein. Egal ob Sie gesetzlich versichert sind oder eine private Versicherung haben. Meine breite Palette an Therapiem\u00f6glichkeiten umfasst <strong>Krankengymnastik<\/strong>, sowohl klassisch als auch <strong>am Ger\u00e4t<\/strong> in meinem modern ausgestatteten Trainingsraum. Dar\u00fcber hinaus biete Ich neben der <strong>Klassischen Massage<\/strong> und <strong>W\u00e4rmetherapie &#8211; Fango<\/strong> auch die <strong>Manuelle Therapie<\/strong> an, um gezielt auf individuelle Bed\u00fcrfnisse einzugehen.<\/p><p>Ich verstehe, dass Ihre Gesundheit oberste Priorit\u00e4t hat, und deshalb biete Ich auch <strong>Hausbesuche<\/strong> an, um sicherzustellen, dass Sie die bestm\u00f6gliche Betreuung erhalten, unabh\u00e4ngig von Ihrer Mobilit\u00e4t.<\/p><p>Therapie bei Tom die neue Physiotherapie Praxis in Gro\u00dfostheim<\/p>\t\t\t\t\t\t\t\t<\/div>\n\t\t\t\t<\/div>\n\t\t\t\t\t<\/div>\n\t\t<\/div>\n\t\t\t\t<div class=\"elementor-column elementor-col-50 elementor-top-column elementor-element elementor-element-b20cf28\" data-id=\"b20cf28\" data-element_type=\"column\" data-e-type=\"column\">\n\t\t\t<div class=\"elementor-widget-wrap elementor-element-populated\">\n\t\t\t\t\t\t<div class=\"elementor-element elementor-element-f30cf1a elementor-arrows-position-inside elementor-pagination-position-outside elementor-widget elementor-widget-image-carousel\" data-id=\"f30cf1a\" data-element_type=\"widget\" data-e-type=\"widget\" data-settings=\"{&quot;slides_to_show&quot;:&quot;1&quot;,&quot;navigation&quot;:&quot;both&quot;,&quot;autoplay&quot;:&quot;yes&quot;,&quot;pause_on_hover&quot;:&quot;yes&quot;,&quot;pause_on_interaction&quot;:&quot;yes&quot;,&quot;autoplay_speed&quot;:5000,&quot;infinite&quot;:&quot;yes&quot;,&quot;effect&quot;:&quot;slide&quot;,&quot;speed&quot;:500}\" data-widget_type=\"image-carousel.default\">\n\t\t\t\t<div class=\"elementor-widget-container\">\n\t\t\t\t\t\t\t<div class=\"elementor-image-carousel-wrapper swiper\" role=\"region\" aria-roledescription=\"carousel\" aria-label=\"Bild Karussell\" dir=\"ltr\">\n\t\t\t<div class=\"elementor-image-carousel swiper-wrapper\" aria-live=\"off\">\n\t\t\t\t\t\t\t\t<div class=\"swiper-slide\" role=\"group\" aria-roledescription=\"slide\" aria-label=\"1 von 3\"><figure class=\"swiper-slide-inner\"><img decoding=\"async\" class=\"swiper-slide-image\" src=\"https:\/\/therapie-bei-tom.de\/wp-content\/uploads\/2023\/08\/IMG_20230812_154533-768x576.jpg\" alt=\"Au\u00dfenansicht\" \/><figcaption class=\"elementor-image-carousel-caption\">Au\u00dfenansicht<\/figcaption><\/figure><\/div><div class=\"swiper-slide\" role=\"group\" aria-roledescription=\"slide\" aria-label=\"2 von 3\"><figure class=\"swiper-slide-inner\"><img decoding=\"async\" class=\"swiper-slide-image\" src=\"https:\/\/therapie-bei-tom.de\/wp-content\/uploads\/2023\/08\/IMG_20230812_155051-768x829.jpg\" alt=\"Durchgang\" \/><figcaption class=\"elementor-image-carousel-caption\">Durchgang<\/figcaption><\/figure><\/div><div class=\"swiper-slide\" role=\"group\" aria-roledescription=\"slide\" aria-label=\"3 von 3\"><figure class=\"swiper-slide-inner\"><img decoding=\"async\" class=\"swiper-slide-image\" src=\"https:\/\/therapie-bei-tom.de\/wp-content\/uploads\/2023\/08\/IMG_20230812_154737-768x911.jpg\" alt=\"Eingang Treppenhaus\" \/><figcaption class=\"elementor-image-carousel-caption\">Eingang Treppenhaus<\/figcaption><\/figure><\/div>\t\t\t<\/div>\n\t\t\t\t\t\t\t\t\t\t\t\t<div class=\"elementor-swiper-button elementor-swiper-button-prev\" role=\"button\" tabindex=\"0\">\n\t\t\t\t\t\t<i aria-hidden=\"true\" class=\"eicon-chevron-left\"><\/i>\t\t\t\t\t<\/div>\n\t\t\t\t\t<div class=\"elementor-swiper-button elementor-swiper-button-next\" role=\"button\" tabindex=\"0\">\n\t\t\t\t\t\t<i aria-hidden=\"true\" class=\"eicon-chevron-right\"><\/i>\t\t\t\t\t<\/div>\n\t\t\t\t\n\t\t\t\t\t\t\t\t\t<div class=\"swiper-pagination\"><\/div>\n\t\t\t\t\t\t\t\t\t<\/div>\n\t\t\t\t\t\t<\/div>\n\t\t\t\t<\/div>\n\t\t\t\t\t<\/div>\n\t\t<\/div>\n\t\t\t\t\t<\/div>\n\t\t<\/section>\n\t\t\t\t<section class=\"elementor-section elementor-top-section elementor-element elementor-element-7ede794 elementor-section-boxed elementor-section-height-default elementor-section-height-default\" data-id=\"7ede794\" data-element_type=\"section\" data-e-type=\"section\">\n\t\t\t\t\t\t<div class=\"elementor-container elementor-column-gap-default\">\n\t\t\t\t\t<div class=\"elementor-column elementor-col-100 elementor-top-column elementor-element elementor-element-b9b5685\" data-id=\"b9b5685\" data-element_type=\"column\" data-e-type=\"column\">\n\t\t\t<div class=\"elementor-widget-wrap elementor-element-populated\">\n\t\t\t\t\t\t<div class=\"elementor-element elementor-element-9b69954 elementor-widget elementor-widget-heading\" data-id=\"9b69954\" data-element_type=\"widget\" data-e-type=\"widget\" data-widget_type=\"heading.default\">\n\t\t\t\t<div class=\"elementor-widget-container\">\n\t\t\t\t\t<h1 class=\"elementor-heading-title elementor-size-default\">Meine Leistungen<\/h1>\t\t\t\t<\/div>\n\t\t\t\t<\/div>\n\t\t\t\t\t<\/div>\n\t\t<\/div>\n\t\t\t\t\t<\/div>\n\t\t<\/section>\n\t\t\t\t<section class=\"elementor-section elementor-top-section elementor-element elementor-element-e628c4d elementor-section-boxed elementor-section-height-default elementor-section-height-default\" data-id=\"e628c4d\" data-element_type=\"section\" data-e-type=\"section\">\n\t\t\t\t\t\t<div class=\"elementor-container elementor-column-gap-default\">\n\t\t\t\t\t<div class=\"elementor-column elementor-col-33 elementor-top-column elementor-element elementor-element-cbc3a76\" data-id=\"cbc3a76\" data-element_type=\"column\" data-e-type=\"column\">\n\t\t\t<div class=\"elementor-widget-wrap elementor-element-populated\">\n\t\t\t\t\t\t<div class=\"elementor-element elementor-element-919889b elementor-widget elementor-widget-text-editor\" data-id=\"919889b\" data-element_type=\"widget\" data-e-type=\"widget\" data-widget_type=\"text-editor.default\">\n\t\t\t\t<div class=\"elementor-widget-container\">\n\t\t\t\t\t\t\t\t\t<p><strong>Faszien Distorsionsmodell<br \/><\/strong><\/p><p>Im Mittelpunkt der Behandlung steht die Schmerzbeschreibung der Patienten.<\/p><p>FDM wird angewand bei Verklebungen und Zerrungen im Fasziengewebe (Bindegewebe) sowie bei Gelenks- und Muskelschmerzen. Hierbei werden starke Druckmassagen auf das betroffene Gewebe ausge\u00fcbt.\u00a0 Je nach Beschwerdebild wird\u00a0 punktuell oder gro\u00dffl\u00e4chig gearbeitet.<\/p>\t\t\t\t\t\t\t\t<\/div>\n\t\t\t\t<\/div>\n\t\t\t\t\t<\/div>\n\t\t<\/div>\n\t\t\t\t<div class=\"elementor-column elementor-col-33 elementor-top-column elementor-element elementor-element-286362f\" data-id=\"286362f\" data-element_type=\"column\" data-e-type=\"column\">\n\t\t\t<div class=\"elementor-widget-wrap elementor-element-populated\">\n\t\t\t\t\t\t<div class=\"elementor-element elementor-element-f58244c elementor-widget elementor-widget-text-editor\" data-id=\"f58244c\" data-element_type=\"widget\" data-e-type=\"widget\" data-widget_type=\"text-editor.default\">\n\t\t\t\t<div class=\"elementor-widget-container\">\n\t\t\t\t\t\t\t\t\t<p><strong>Manuelle Therapie<\/strong><\/p><p>Grundlage der Manuellen Therapie sind spezielle Handgriff- und Mobilisationstechniken, bei denen Schmerzen gelindert und Bewegungsst\u00f6rungen beseitigt werden.<\/p><p>Die Manuelle Therapie bedient sich sowohl passiver Techniken als auch aktiver \u00dcbungen.<\/p>\t\t\t\t\t\t\t\t<\/div>\n\t\t\t\t<\/div>\n\t\t\t\t\t<\/div>\n\t\t<\/div>\n\t\t\t\t<div class=\"elementor-column elementor-col-33 elementor-top-column elementor-element elementor-element-99ab819\" data-id=\"99ab819\" data-element_type=\"column\" data-e-type=\"column\">\n\t\t\t<div class=\"elementor-widget-wrap elementor-element-populated\">\n\t\t\t\t\t\t<div class=\"elementor-element elementor-element-76de5db elementor-widget elementor-widget-text-editor\" data-id=\"76de5db\" data-element_type=\"widget\" data-e-type=\"widget\" data-widget_type=\"text-editor.default\">\n\t\t\t\t<div class=\"elementor-widget-container\">\n\t\t\t\t\t\t\t\t\t<p><strong>Kinesiotape<\/strong><\/p><p>Die Hauptaufgabe beim Kinesiotape besteht darin, die Selbstheilungskr\u00e4fte des K\u00f6rpers zu aktivieren und zu unterst\u00fctzen.<\/p><p>Das Tape ist ein hochelastisches Pflaster aus Baumwolle und dient bei Verletzungen oder Entz\u00fcndungen von Muskeln, B\u00e4ndern oder Gelenken als Stabilisierung, ohne die Beweglichkeit einzuschr\u00e4nken.<\/p><p><strong><\/strong><\/p>\t\t\t\t\t\t\t\t<\/div>\n\t\t\t\t<\/div>\n\t\t\t\t\t<\/div>\n\t\t<\/div>\n\t\t\t\t\t<\/div>\n\t\t<\/section>\n\t\t\t\t<section class=\"elementor-section elementor-top-section elementor-element elementor-element-5eabbaa elementor-section-boxed elementor-section-height-default elementor-section-height-default\" data-id=\"5eabbaa\" data-element_type=\"section\" data-e-type=\"section\">\n\t\t\t\t\t\t<div class=\"elementor-container elementor-column-gap-default\">\n\t\t\t\t\t<div class=\"elementor-column elementor-col-100 elementor-top-column elementor-element elementor-element-b757fc4\" data-id=\"b757fc4\" data-element_type=\"column\" data-e-type=\"column\">\n\t\t\t<div class=\"elementor-widget-wrap elementor-element-populated\">\n\t\t\t\t\t\t<div class=\"elementor-element elementor-element-9543dcb elementor-widget elementor-widget-heading\" data-id=\"9543dcb\" data-element_type=\"widget\" data-e-type=\"widget\" data-widget_type=\"heading.default\">\n\t\t\t\t<div class=\"elementor-widget-container\">\n\t\t\t\t\t<h1 class=\"elementor-heading-title elementor-size-default\">Meine Praxisr\u00e4ume<\/h1>\t\t\t\t<\/div>\n\t\t\t\t<\/div>\n\t\t\t\t\t<\/div>\n\t\t<\/div>\n\t\t\t\t\t<\/div>\n\t\t<\/section>\n\t\t\t\t<section class=\"elementor-section elementor-top-section elementor-element elementor-element-bf601bf elementor-section-boxed elementor-section-height-default elementor-section-height-default\" data-id=\"bf601bf\" data-element_type=\"section\" data-e-type=\"section\">\n\t\t\t\t\t\t<div class=\"elementor-container elementor-column-gap-default\">\n\t\t\t\t\t<div class=\"elementor-column elementor-col-100 elementor-top-column elementor-element elementor-element-1873418\" data-id=\"1873418\" data-element_type=\"column\" data-e-type=\"column\">\n\t\t\t<div class=\"elementor-widget-wrap elementor-element-populated\">\n\t\t\t\t\t\t<div class=\"elementor-element elementor-element-2b50a8f elementor-arrows-position-inside elementor-pagination-position-outside elementor-widget elementor-widget-image-carousel\" data-id=\"2b50a8f\" data-element_type=\"widget\" data-e-type=\"widget\" data-settings=\"{&quot;navigation&quot;:&quot;both&quot;,&quot;autoplay&quot;:&quot;yes&quot;,&quot;pause_on_hover&quot;:&quot;yes&quot;,&quot;pause_on_interaction&quot;:&quot;yes&quot;,&quot;autoplay_speed&quot;:5000,&quot;infinite&quot;:&quot;yes&quot;,&quot;speed&quot;:500}\" data-widget_type=\"image-carousel.default\">\n\t\t\t\t<div class=\"elementor-widget-container\">\n\t\t\t\t\t\t\t<div class=\"elementor-image-carousel-wrapper swiper\" role=\"region\" aria-roledescription=\"carousel\" aria-label=\"Bild Karussell\" dir=\"ltr\">\n\t\t\t<div class=\"elementor-image-carousel swiper-wrapper\" aria-live=\"off\">\n\t\t\t\t\t\t\t\t<div class=\"swiper-slide\" role=\"group\" aria-roledescription=\"slide\" aria-label=\"1 von 3\"><figure class=\"swiper-slide-inner\"><img decoding=\"async\" class=\"swiper-slide-image\" src=\"https:\/\/therapie-bei-tom.de\/wp-content\/uploads\/2023\/08\/IMG_20230726_121143-225x300.jpg\" alt=\"Behandlungszimmer_1\" \/><\/figure><\/div><div class=\"swiper-slide\" role=\"group\" aria-roledescription=\"slide\" aria-label=\"2 von 3\"><figure class=\"swiper-slide-inner\"><img decoding=\"async\" class=\"swiper-slide-image\" src=\"https:\/\/therapie-bei-tom.de\/wp-content\/uploads\/2023\/08\/IMG_20230730_113612-300x225.jpg\" alt=\"Wartebereich\" \/><\/figure><\/div><div class=\"swiper-slide\" role=\"group\" aria-roledescription=\"slide\" aria-label=\"3 von 3\"><figure class=\"swiper-slide-inner\"><img decoding=\"async\" class=\"swiper-slide-image\" src=\"https:\/\/therapie-bei-tom.de\/wp-content\/uploads\/2023\/08\/IMG-20230806-WA0028_edit_157392397287961-251x300.jpg\" alt=\"Behandlung 2\" \/><\/figure><\/div>\t\t\t<\/div>\n\t\t\t\t\t\t\t\t\t\t\t\t<div class=\"elementor-swiper-button elementor-swiper-button-prev\" role=\"button\" tabindex=\"0\">\n\t\t\t\t\t\t<i aria-hidden=\"true\" class=\"eicon-chevron-left\"><\/i>\t\t\t\t\t<\/div>\n\t\t\t\t\t<div class=\"elementor-swiper-button elementor-swiper-button-next\" role=\"button\" tabindex=\"0\">\n\t\t\t\t\t\t<i aria-hidden=\"true\" class=\"eicon-chevron-right\"><\/i>\t\t\t\t\t<\/div>\n\t\t\t\t\n\t\t\t\t\t\t\t\t\t<div class=\"swiper-pagination\"><\/div>\n\t\t\t\t\t\t\t\t\t<\/div>\n\t\t\t\t\t\t<\/div>\n\t\t\t\t<\/div>\n\t\t\t\t\t<\/div>\n\t\t<\/div>\n\t\t\t\t\t<\/div>\n\t\t<\/section>\n\t\t\t\t<\/div>\n\t\t","protected":false},"excerpt":{"rendered":"<p>Herzlich Willkommen bei Therapie bei Tom, ich freue mich, Sie in meinen frisch renovierten R\u00e4umlichkeiten in der Kanzleistra\u00dfe 17 begr\u00fc\u00dfen zu d\u00fcrfen. Ich stehe Ihnen zur Seite, um Ihnen bei der Genesung und Steigerung Ihres Wohlbefindens behilflich zu sein. Egal ob Sie gesetzlich versichert sind oder eine private Versicherung haben. Meine breite Palette an Therapiem\u00f6glichkeiten &#8230; <a title=\"Physiotherapie Praxis\" class=\"read-more\" href=\"https:\/\/therapie-bei-tom.de\/?page_id=24\" aria-label=\"Mehr Informationen \u00fcber Physiotherapie Praxis\">Weiterlesen<\/a><\/p>\n","protected":false},"author":1,"featured_media":0,"parent":0,"menu_order":0,"comment_status":"closed","ping_status":"closed","template":"","meta":{"footnotes":""},"class_list":["post-24","page","type-page","status-publish"],"_links":{"self":[{"href":"https:\/\/therapie-bei-tom.de\/index.php?rest_route=\/wp\/v2\/pages\/24","targetHints":{"allow":["GET"]}}],"collection":[{"href":"https:\/\/therapie-bei-tom.de\/index.php?rest_route=\/wp\/v2\/pages"}],"about":[{"href":"https:\/\/therapie-bei-tom.de\/index.php?rest_route=\/wp\/v2\/types\/page"}],"author":[{"embeddable":true,"href":"https:\/\/therapie-bei-tom.de\/index.php?rest_route=\/wp\/v2\/users\/1"}],"replies":[{"embeddable":true,"href":"https:\/\/therapie-bei-tom.de\/index.php?rest_route=%2Fwp%2Fv2%2Fcomments&post=24"}],"version-history":[{"count":47,"href":"https:\/\/therapie-bei-tom.de\/index.php?rest_route=\/wp\/v2\/pages\/24\/revisions"}],"predecessor-version":[{"id":328,"href":"https:\/\/therapie-bei-tom.de\/index.php?rest_route=\/wp\/v2\/pages\/24\/revisions\/328"}],"wp:attachment":[{"href":"https:\/\/therapie-bei-tom.de\/index.php?rest_route=%2Fwp%2Fv2%2Fmedia&parent=24"}],"curies":[{"name":"wp","href":"https:\/\/api.w.org\/{rel}","templated":true}]}}