{"id":20,"date":"2018-08-03T20:27:44","date_gmt":"2018-08-03T20:27:44","guid":{"rendered":"http:\/\/therapie-bei-tom.de\/?page_id=20"},"modified":"2019-07-24T20:31:57","modified_gmt":"2019-07-24T20:31:57","slug":"mikrostrom","status":"publish","type":"page","link":"https:\/\/therapie-bei-tom.de\/?page_id=20","title":{"rendered":"Frequenz spezifischer Mikrostrom"},"content":{"rendered":"\t\t<div data-elementor-type=\"wp-page\" data-elementor-id=\"20\" class=\"elementor elementor-20\">\n\t\t\t\t\t\t<section class=\"elementor-section elementor-top-section elementor-element elementor-element-f7b6451 elementor-section-boxed elementor-section-height-default elementor-section-height-default\" data-id=\"f7b6451\" data-element_type=\"section\" data-e-type=\"section\">\n\t\t\t\t\t\t<div class=\"elementor-container elementor-column-gap-default\">\n\t\t\t\t\t<div class=\"elementor-column elementor-col-100 elementor-top-column elementor-element elementor-element-1621179\" data-id=\"1621179\" data-element_type=\"column\" data-e-type=\"column\">\n\t\t\t<div class=\"elementor-widget-wrap elementor-element-populated\">\n\t\t\t\t\t\t<div class=\"elementor-element elementor-element-cad7486 elementor-widget elementor-widget-image\" data-id=\"cad7486\" data-element_type=\"widget\" data-e-type=\"widget\" data-widget_type=\"image.default\">\n\t\t\t\t<div class=\"elementor-widget-container\">\n\t\t\t\t\t\t\t\t\t\t\t\t\t\t\t<img decoding=\"async\" width=\"150\" height=\"150\" src=\"https:\/\/therapie-bei-tom.de\/wp-content\/uploads\/2018\/10\/Therapie_bei_Tom_Icon_Strom-150x150.jpg\" class=\"attachment-thumbnail size-thumbnail wp-image-130\" alt=\"\" \/>\t\t\t\t\t\t\t\t\t\t\t\t\t\t\t<\/div>\n\t\t\t\t<\/div>\n\t\t\t\t\t<\/div>\n\t\t<\/div>\n\t\t\t\t\t<\/div>\n\t\t<\/section>\n\t\t\t\t<section class=\"elementor-section elementor-top-section elementor-element elementor-element-352a12f elementor-section-boxed elementor-section-height-default elementor-section-height-default\" data-id=\"352a12f\" data-element_type=\"section\" data-e-type=\"section\">\n\t\t\t\t\t\t<div class=\"elementor-container elementor-column-gap-default\">\n\t\t\t\t\t<div class=\"elementor-column elementor-col-100 elementor-top-column elementor-element elementor-element-6506ddc\" data-id=\"6506ddc\" data-element_type=\"column\" data-e-type=\"column\">\n\t\t\t<div class=\"elementor-widget-wrap elementor-element-populated\">\n\t\t\t\t\t\t<div class=\"elementor-element elementor-element-bc19570 elementor-widget elementor-widget-text-editor\" data-id=\"bc19570\" data-element_type=\"widget\" data-e-type=\"widget\" data-widget_type=\"text-editor.default\">\n\t\t\t\t<div class=\"elementor-widget-container\">\n\t\t\t\t\t\t\t\t\t<p><strong>Frequenz spezifischer Mikrostrom<\/strong><\/p><p>In der Therapie ist <strong>Frequenz spezifischer Mikrostrom<\/strong> der Schl\u00fcssel zum Gewebe. Bei maximal 600 Mikroampere liegt dieser Strom 1000 Fach niedriger als bei TENS Ger\u00e4ten.<\/p><p style=\"text-align: justify;\"><strong>Doch was genau ist dieser Mikrostrom und wie funktionert er ?<\/strong><\/p><p style=\"text-align: justify;\"><style type=\"text\/css\">P { margin-bottom: 0.21cm; }<\/style><\/p><p style=\"margin-bottom: 0cm;\">Durch den <em>Resonanz Effekt<\/em>:<\/p><p style=\"margin-bottom: 0cm;\">Erinnere Dich an das letzte Mal, als ein Lied dich wirklich ber\u00fchrt hat.<\/p><p style=\"margin-bottom: 0cm;\">Genauso wie dich Musik tief in deiner Seele zum Schwingen bringt, k\u00f6nnen Frequenz spezifische Mikrostr\u00f6me tief in dir Zellen zum schwingen bringen.<\/p><p style=\"margin-bottom: 0cm;\">Und wie bei der Musik z\u00e4hlt nicht die St\u00e4rke des Signals sondern der Beat.<\/p><p style=\"margin-bottom: 0cm;\">T\u00e4nzer in allen Kulturen geben sich dem Rhythmus ihrer Trommeln hin und die Resonanz treibt ihre K\u00f6rper an sich als Einheit zu bewegen. Wir wissen nicht wie dies funktioniert oder wie wir es nennen sollen, aber jeder kennt dieses Gef\u00fchl.<\/p><p style=\"margin-bottom: 0cm;\">Wenn du dein Radio auf die Frequenz 92,2 stellst, erh\u00e4lt der Empf\u00e4nger im Radio das Signal welches mit 92,2 von der Antenne gesendet wird. Nur dieser eine Radiosender wird auf dieser Frequenz empfangen.<\/p><p style=\"margin-bottom: 0cm;\">Ohne Resonanz w\u00fcrde kein Radio und keines unserer moderner Kommunikationssysteme funktionieren.<\/p><p style=\"margin-bottom: 0cm;\">Das ist kein Hokus Pokus oder Magie sondern einfache Physik.<\/p><p style=\"margin-bottom: 0cm;\">Oder eben Resonanz<\/p><p style=\"margin-bottom: 0cm;\">Die Gesetze der Physik arbeiten zusammen und generieren Resonanz. Auch wenn wir sie nicht sehen k\u00f6nnen, das Radio spielt den eingestellten Sender \u2013 deine Musik.<\/p><p style=\"margin-bottom: 0cm;\"><strong>Mit Frequenz spezifischem Mikrostrom k\u00f6nnen wir in Resonanz mit deinen K\u00f6rper gehen.<\/strong><\/p><p style=\"margin-bottom: 0cm;\"><strong>\u00a0<\/strong><\/p><p><b>Die richtige Frequenz<\/b> \u2022 Jeder Muskel und jede Indikation hat seine bzw. ihre eigene Frequenz, wodurch die Kommunikation zwischen den Zellen und mit den Zellen optimiert werden kann.<\/p><p><b>Die richtigen Punkte<\/b>\u00a0\u2022 Diese Punkte ergeben sich aus \u00fcber 40 Jahren Erfahrung in der ganzheitlichen Therapie, Osteopathie und manuellen Therapie.<\/p><div><section><div>\u00a0<\/div><\/section><\/div>\t\t\t\t\t\t\t\t<\/div>\n\t\t\t\t<\/div>\n\t\t\t\t<div class=\"elementor-element elementor-element-a401847 elementor-arrows-position-inside elementor-widget elementor-widget-image-carousel\" data-id=\"a401847\" data-element_type=\"widget\" data-e-type=\"widget\" data-settings=\"{&quot;slides_to_scroll&quot;:&quot;1&quot;,&quot;navigation&quot;:&quot;arrows&quot;,&quot;autoplay&quot;:&quot;yes&quot;,&quot;pause_on_hover&quot;:&quot;yes&quot;,&quot;pause_on_interaction&quot;:&quot;yes&quot;,&quot;autoplay_speed&quot;:5000,&quot;infinite&quot;:&quot;yes&quot;,&quot;speed&quot;:500}\" data-widget_type=\"image-carousel.default\">\n\t\t\t\t<div class=\"elementor-widget-container\">\n\t\t\t\t\t\t\t<div class=\"elementor-image-carousel-wrapper swiper\" role=\"region\" aria-roledescription=\"carousel\" aria-label=\"Bild Karussell\" dir=\"ltr\">\n\t\t\t<div class=\"elementor-image-carousel swiper-wrapper\" aria-live=\"off\">\n\t\t\t\t\t\t\t\t<div class=\"swiper-slide\" role=\"group\" aria-roledescription=\"slide\" aria-label=\"1 von 5\"><figure class=\"swiper-slide-inner\"><img decoding=\"async\" class=\"swiper-slide-image\" src=\"https:\/\/therapie-bei-tom.de\/wp-content\/uploads\/2018\/09\/JeeCee-cor_5941-360x240.jpg\" alt=\"JeeCee cor_5941\" \/><\/figure><\/div><div class=\"swiper-slide\" role=\"group\" aria-roledescription=\"slide\" aria-label=\"2 von 5\"><figure class=\"swiper-slide-inner\"><img decoding=\"async\" class=\"swiper-slide-image\" src=\"https:\/\/therapie-bei-tom.de\/wp-content\/uploads\/2018\/09\/JeeCee-cor_5918-360x240.jpg\" alt=\"JeeCee cor_5918\" \/><\/figure><\/div><div class=\"swiper-slide\" role=\"group\" aria-roledescription=\"slide\" aria-label=\"3 von 5\"><figure class=\"swiper-slide-inner\"><img decoding=\"async\" class=\"swiper-slide-image\" src=\"https:\/\/therapie-bei-tom.de\/wp-content\/uploads\/2018\/09\/JeeCee-cor_6027-360x240.jpg\" alt=\"JeeCee cor_6027\" \/><\/figure><\/div><div class=\"swiper-slide\" role=\"group\" aria-roledescription=\"slide\" aria-label=\"4 von 5\"><figure class=\"swiper-slide-inner\"><img decoding=\"async\" class=\"swiper-slide-image\" src=\"https:\/\/therapie-bei-tom.de\/wp-content\/uploads\/2018\/09\/JeeCee-cor_5929-360x240.jpg\" alt=\"JeeCee cor_5929\" \/><\/figure><\/div><div class=\"swiper-slide\" role=\"group\" aria-roledescription=\"slide\" aria-label=\"5 von 5\"><figure class=\"swiper-slide-inner\"><img decoding=\"async\" class=\"swiper-slide-image\" src=\"https:\/\/therapie-bei-tom.de\/wp-content\/uploads\/2018\/09\/JeeCee-cor_6014-360x240.jpg\" alt=\"JeeCee cor_6014\" \/><\/figure><\/div>\t\t\t<\/div>\n\t\t\t\t\t\t\t\t\t\t\t\t<div class=\"elementor-swiper-button elementor-swiper-button-prev\" role=\"button\" tabindex=\"0\">\n\t\t\t\t\t\t<i aria-hidden=\"true\" class=\"eicon-chevron-left\"><\/i>\t\t\t\t\t<\/div>\n\t\t\t\t\t<div class=\"elementor-swiper-button elementor-swiper-button-next\" role=\"button\" tabindex=\"0\">\n\t\t\t\t\t\t<i aria-hidden=\"true\" class=\"eicon-chevron-right\"><\/i>\t\t\t\t\t<\/div>\n\t\t\t\t\n\t\t\t\t\t\t\t\t\t<\/div>\n\t\t\t\t\t\t<\/div>\n\t\t\t\t<\/div>\n\t\t\t\t<div class=\"elementor-element elementor-element-f24ebc8 elementor-widget elementor-widget-accordion\" data-id=\"f24ebc8\" data-element_type=\"widget\" data-e-type=\"widget\" data-widget_type=\"accordion.default\">\n\t\t\t\t<div class=\"elementor-widget-container\">\n\t\t\t\t\t\t\t<div class=\"elementor-accordion\">\n\t\t\t\t\t\t\t<div class=\"elementor-accordion-item\">\n\t\t\t\t\t<div id=\"elementor-tab-title-2541\" class=\"elementor-tab-title\" data-tab=\"1\" role=\"button\" aria-controls=\"elementor-tab-content-2541\" aria-expanded=\"false\">\n\t\t\t\t\t\t\t\t\t\t\t\t\t<span class=\"elementor-accordion-icon elementor-accordion-icon-left\" aria-hidden=\"true\">\n\t\t\t\t\t\t\t\t\t\t\t\t\t\t\t<span class=\"elementor-accordion-icon-closed\"><i class=\"fas fa-plus\"><\/i><\/span>\n\t\t\t\t\t\t\t\t<span class=\"elementor-accordion-icon-opened\"><i class=\"fas fa-minus\"><\/i><\/span>\n\t\t\t\t\t\t\t\t\t\t\t\t\t\t<\/span>\n\t\t\t\t\t\t\t\t\t\t\t\t<a class=\"elementor-accordion-title\" tabindex=\"0\">Wichtig vor jeder Behandlung bitte ausreichend trinken.<\/a>\n\t\t\t\t\t<\/div>\n\t\t\t\t\t<div id=\"elementor-tab-content-2541\" class=\"elementor-tab-content elementor-clearfix\" data-tab=\"1\" role=\"region\" aria-labelledby=\"elementor-tab-title-2541\"><p>Patienten, die dehydriert sind, k\u00f6nnen nicht von Mikrostrom profitieren, deshalb trinken Sie bitte 1-2 Liter Wasser vor jeder Behandlung.<\/p><p>\u00c4ltere Menschen neigen dazu, chronisch dehydriert zu sein und sollten mehrere Tage vor der Behandlung ausreichend mit Wasser versorgt werden, zus\u00e4tzlich zum gewohnten Tagesbedarf.<\/p><p>Kaffee, koffeinhaltiger Tee, kohlens\u00e4urehaltige Cola-Getr\u00e4nke gelten nicht als Wasser.<\/p><p>Wasser kann mit Saft oder entkoffeiniertem Tee getrunken werden.<\/p><\/div>\n\t\t\t\t<\/div>\n\t\t\t\t\t\t\t<div class=\"elementor-accordion-item\">\n\t\t\t\t\t<div id=\"elementor-tab-title-2542\" class=\"elementor-tab-title\" data-tab=\"2\" role=\"button\" aria-controls=\"elementor-tab-content-2542\" aria-expanded=\"false\">\n\t\t\t\t\t\t\t\t\t\t\t\t\t<span class=\"elementor-accordion-icon elementor-accordion-icon-left\" aria-hidden=\"true\">\n\t\t\t\t\t\t\t\t\t\t\t\t\t\t\t<span class=\"elementor-accordion-icon-closed\"><i class=\"fas fa-plus\"><\/i><\/span>\n\t\t\t\t\t\t\t\t<span class=\"elementor-accordion-icon-opened\"><i class=\"fas fa-minus\"><\/i><\/span>\n\t\t\t\t\t\t\t\t\t\t\t\t\t\t<\/span>\n\t\t\t\t\t\t\t\t\t\t\t\t<a class=\"elementor-accordion-title\" tabindex=\"0\">Gibt es Risiken?<\/a>\n\t\t\t\t\t<\/div>\n\t\t\t\t\t<div id=\"elementor-tab-content-2542\" class=\"elementor-tab-content elementor-clearfix\" data-tab=\"2\" role=\"region\" aria-labelledby=\"elementor-tab-title-2542\"><pre lang=\"de-DE\">Es gibt keine Risiken f\u00fcr den Patienten, von denen wir Wissen, solange der Anwender die richtigen Kontraindikationen<br \/>und Vorsichtsma\u00dfnahmen beachtet, die mit FSM und der Verwendung von Mikrostrom verbunden sind. Es gibt Frequenzen,<br \/>die verwendet werden, um Narbengewebe zu entfernen, diese Frequenzen sollten nicht innerhalb der ersten 6 Wochen<br \/>nach der Verletzung verwendet werden. Manchmal, wenn Muskeln erfolgreich behandelt werden, erh\u00f6ht sich der <br \/>Bewegungsumfang so sehr, dass Gelenke und Nerven vor\u00fcbergehend schmerzhaft werden k\u00f6nnen, bis der Bewegungsbereich<br \/>wieder abnimmt. Ich als Therapeut bin mir dieser m\u00f6glichen Reaktionen bewusst und kl\u00e4re meine Patienten <br \/>diesbez\u00fcglich auf. Die Warnungen und Kontraindikationen, die f\u00fcr TENS-Ger\u00e4te geeignet sind, sind mir als Therapeut bekannt.<\/pre><\/div>\n\t\t\t\t<\/div>\n\t\t\t\t\t\t\t<div class=\"elementor-accordion-item\">\n\t\t\t\t\t<div id=\"elementor-tab-title-2543\" class=\"elementor-tab-title\" data-tab=\"3\" role=\"button\" aria-controls=\"elementor-tab-content-2543\" aria-expanded=\"false\">\n\t\t\t\t\t\t\t\t\t\t\t\t\t<span class=\"elementor-accordion-icon elementor-accordion-icon-left\" aria-hidden=\"true\">\n\t\t\t\t\t\t\t\t\t\t\t\t\t\t\t<span class=\"elementor-accordion-icon-closed\"><i class=\"fas fa-plus\"><\/i><\/span>\n\t\t\t\t\t\t\t\t<span class=\"elementor-accordion-icon-opened\"><i class=\"fas fa-minus\"><\/i><\/span>\n\t\t\t\t\t\t\t\t\t\t\t\t\t\t<\/span>\n\t\t\t\t\t\t\t\t\t\t\t\t<a class=\"elementor-accordion-title\" tabindex=\"0\">Was sind Protokolle?<\/a>\n\t\t\t\t\t<\/div>\n\t\t\t\t\t<div id=\"elementor-tab-content-2543\" class=\"elementor-tab-content elementor-clearfix\" data-tab=\"3\" role=\"region\" aria-labelledby=\"elementor-tab-title-2543\"><pre lang=\"de-DE\">Frequenzprotokolle sind Sequenzen von Frequenzen, bei denen beobachtet wurde, dass sie unter verschiedenen Bedingungen \neinen bestimmten klinischen Effekt haben, wie in der Praxis von Dr. McMakin. <br \/>Die Sequenzen der Frequenzen sind in der Regel von Dr.McMakin oder Daniel Knebel entwickelt. Die Effektivsten und \nn\u00fctzlichsten Protokolle wurden im <strong>JeeCee B-E-ST-GER\u00c4T<\/strong> vorprogrammiert, welches die Frequenzen automatisch durchl\u00e4uft.<\/pre><\/div>\n\t\t\t\t<\/div>\n\t\t\t\t\t\t\t\t<\/div>\n\t\t\t\t\t\t<\/div>\n\t\t\t\t<\/div>\n\t\t\t\t\t<\/div>\n\t\t<\/div>\n\t\t\t\t\t<\/div>\n\t\t<\/section>\n\t\t\t\t<section class=\"elementor-section elementor-top-section elementor-element elementor-element-f4e7078 elementor-section-boxed elementor-section-height-default elementor-section-height-default\" data-id=\"f4e7078\" data-element_type=\"section\" data-e-type=\"section\">\n\t\t\t\t\t\t<div class=\"elementor-container elementor-column-gap-default\">\n\t\t\t\t\t<div class=\"elementor-column elementor-col-100 elementor-top-column elementor-element elementor-element-7d18deb\" data-id=\"7d18deb\" data-element_type=\"column\" data-e-type=\"column\">\n\t\t\t<div class=\"elementor-widget-wrap elementor-element-populated\">\n\t\t\t\t\t\t<section class=\"elementor-section elementor-inner-section elementor-element elementor-element-d307cf7 elementor-section-boxed elementor-section-height-default elementor-section-height-default\" data-id=\"d307cf7\" data-element_type=\"section\" data-e-type=\"section\">\n\t\t\t\t\t\t<div class=\"elementor-container elementor-column-gap-default\">\n\t\t\t\t\t<div class=\"elementor-column elementor-col-50 elementor-inner-column elementor-element elementor-element-b6399dc\" data-id=\"b6399dc\" data-element_type=\"column\" data-e-type=\"column\">\n\t\t\t<div class=\"elementor-widget-wrap elementor-element-populated\">\n\t\t\t\t\t\t<div class=\"elementor-element elementor-element-9c13655 elementor-widget elementor-widget-image\" data-id=\"9c13655\" data-element_type=\"widget\" data-e-type=\"widget\" data-widget_type=\"image.default\">\n\t\t\t\t<div class=\"elementor-widget-container\">\n\t\t\t\t\t\t\t\t\t\t\t\t\t\t\t<img fetchpriority=\"high\" decoding=\"async\" width=\"1024\" height=\"538\" src=\"https:\/\/therapie-bei-tom.de\/wp-content\/uploads\/2018\/09\/event-picture-1200-px-x-630-px-1024x538.jpg\" class=\"attachment-large size-large wp-image-52\" alt=\"Abbildung B-E-St Ger\u00e4t\" srcset=\"https:\/\/therapie-bei-tom.de\/wp-content\/uploads\/2018\/09\/event-picture-1200-px-x-630-px-1024x538.jpg 1024w, https:\/\/therapie-bei-tom.de\/wp-content\/uploads\/2018\/09\/event-picture-1200-px-x-630-px-300x158.jpg 300w, https:\/\/therapie-bei-tom.de\/wp-content\/uploads\/2018\/09\/event-picture-1200-px-x-630-px-768x403.jpg 768w\" sizes=\"(max-width: 1024px) 100vw, 1024px\" \/>\t\t\t\t\t\t\t\t\t\t\t\t\t\t\t<\/div>\n\t\t\t\t<\/div>\n\t\t\t\t\t<\/div>\n\t\t<\/div>\n\t\t\t\t<div class=\"elementor-column elementor-col-50 elementor-inner-column elementor-element elementor-element-dfa3d3f\" data-id=\"dfa3d3f\" data-element_type=\"column\" data-e-type=\"column\">\n\t\t\t<div class=\"elementor-widget-wrap elementor-element-populated\">\n\t\t\t\t\t\t<div class=\"elementor-element elementor-element-c4439ef elementor-widget elementor-widget-html\" data-id=\"c4439ef\" data-element_type=\"widget\" data-e-type=\"widget\" data-widget_type=\"html.default\">\n\t\t\t\t<div class=\"elementor-widget-container\">\n\t\t\t\t\t<div class=\"wpforms-container wpforms-container-full\" id=\"wpforms-76\"><form id=\"wpforms-form-76\" class=\"wpforms-validate wpforms-form\" data-formid=\"76\" method=\"post\" enctype=\"multipart\/form-data\" action=\"\/index.php?rest_route=%2Fwp%2Fv2%2Fpages%2F20\" data-token=\"ecc8df7ec51d757f508b3eb0dbe72a6d\" data-token-time=\"1778296883\"><noscript class=\"wpforms-error-noscript\">Bitte aktiviere JavaScript in deinem Browser, um dieses Formular fertigzustellen.<\/noscript><div class=\"wpforms-field-container\"><div id=\"wpforms-76-field_0-container\" class=\"wpforms-field wpforms-field-name\" data-field-id=\"0\"><label class=\"wpforms-field-label\" for=\"wpforms-76-field_0\">Name <span class=\"wpforms-required-label\">*<\/span><\/label><input type=\"text\" id=\"wpforms-76-field_0\" class=\"wpforms-field-medium wpforms-field-required\" name=\"wpforms[fields][0]\" required><\/div><div id=\"wpforms-76-field_1-container\" class=\"wpforms-field wpforms-field-email\" data-field-id=\"1\"><label class=\"wpforms-field-label\" for=\"wpforms-76-field_1\">E-Mail <span class=\"wpforms-required-label\">*<\/span><\/label><input type=\"email\" id=\"wpforms-76-field_1\" class=\"wpforms-field-medium wpforms-field-required\" name=\"wpforms[fields][1]\" spellcheck=\"false\" required><\/div><div id=\"wpforms-76-field_2-container\" class=\"wpforms-field wpforms-field-textarea\" data-field-id=\"2\"><label class=\"wpforms-field-label\" for=\"wpforms-76-field_2\">Kommentar oder Nachricht <span class=\"wpforms-required-label\">*<\/span><\/label><textarea id=\"wpforms-76-field_2\" class=\"wpforms-field-medium wpforms-field-required\" name=\"wpforms[fields][2]\" required><\/textarea><\/div><\/div><!-- .wpforms-field-container --><div class=\"wpforms-field wpforms-field-hp\"><label for=\"wpforms-76-field-hp\" class=\"wpforms-field-label\">Message<\/label><input type=\"text\" name=\"wpforms[hp]\" id=\"wpforms-76-field-hp\" class=\"wpforms-field-medium\"><\/div><div class=\"wpforms-recaptcha-container wpforms-is-recaptcha wpforms-is-recaptcha-type-v2\" ><div class=\"g-recaptcha\" data-sitekey=\"6LexLmgUAAAAABsQUjfw-bMFH1SytHUZ_m6Qlpgc\"><\/div><input type=\"text\" name=\"g-recaptcha-hidden\" class=\"wpforms-recaptcha-hidden\" style=\"position:absolute!important;clip:rect(0,0,0,0)!important;height:1px!important;width:1px!important;border:0!important;overflow:hidden!important;padding:0!important;margin:0!important;\" data-rule-recaptcha=\"1\"><\/div><div class=\"wpforms-submit-container\" ><input type=\"hidden\" name=\"wpforms[id]\" value=\"76\"><input type=\"hidden\" name=\"page_title\" value=\"\"><input type=\"hidden\" name=\"page_url\" value=\"https:\/\/therapie-bei-tom.de\/index.php?rest_route=\/wp\/v2\/pages\/20\"><input type=\"hidden\" name=\"url_referer\" value=\"\"><button type=\"submit\" name=\"wpforms[submit]\" id=\"wpforms-submit-76\" class=\"wpforms-submit\" data-alt-text=\"Sende...\" data-submit-text=\"Kontakt anfragen\" aria-live=\"assertive\" value=\"wpforms-submit\">Kontakt anfragen<\/button><\/div><\/form><\/div>  <!-- .wpforms-container -->\t\t\t\t<\/div>\n\t\t\t\t<\/div>\n\t\t\t\t\t<\/div>\n\t\t<\/div>\n\t\t\t\t\t<\/div>\n\t\t<\/section>\n\t\t\t\t\t<\/div>\n\t\t<\/div>\n\t\t\t\t\t<\/div>\n\t\t<\/section>\n\t\t\t\t<\/div>\n\t\t","protected":false},"excerpt":{"rendered":"<p>Frequenz spezifischer Mikrostrom In der Therapie ist Frequenz spezifischer Mikrostrom der Schl\u00fcssel zum Gewebe. Bei maximal 600 Mikroampere liegt dieser Strom 1000 Fach niedriger als bei TENS Ger\u00e4ten. Doch was genau ist dieser Mikrostrom und wie funktionert er ? Durch den Resonanz Effekt: Erinnere Dich an das letzte Mal, als ein Lied dich wirklich ber\u00fchrt &#8230; <a title=\"Frequenz spezifischer Mikrostrom\" class=\"read-more\" href=\"https:\/\/therapie-bei-tom.de\/?page_id=20\" aria-label=\"Mehr Informationen \u00fcber Frequenz spezifischer Mikrostrom\">Weiterlesen<\/a><\/p>\n","protected":false},"author":1,"featured_media":0,"parent":0,"menu_order":0,"comment_status":"closed","ping_status":"closed","template":"","meta":{"footnotes":""},"class_list":["post-20","page","type-page","status-publish"],"_links":{"self":[{"href":"https:\/\/therapie-bei-tom.de\/index.php?rest_route=\/wp\/v2\/pages\/20","targetHints":{"allow":["GET"]}}],"collection":[{"href":"https:\/\/therapie-bei-tom.de\/index.php?rest_route=\/wp\/v2\/pages"}],"about":[{"href":"https:\/\/therapie-bei-tom.de\/index.php?rest_route=\/wp\/v2\/types\/page"}],"author":[{"embeddable":true,"href":"https:\/\/therapie-bei-tom.de\/index.php?rest_route=\/wp\/v2\/users\/1"}],"replies":[{"embeddable":true,"href":"https:\/\/therapie-bei-tom.de\/index.php?rest_route=%2Fwp%2Fv2%2Fcomments&post=20"}],"version-history":[{"count":39,"href":"https:\/\/therapie-bei-tom.de\/index.php?rest_route=\/wp\/v2\/pages\/20\/revisions"}],"predecessor-version":[{"id":282,"href":"https:\/\/therapie-bei-tom.de\/index.php?rest_route=\/wp\/v2\/pages\/20\/revisions\/282"}],"wp:attachment":[{"href":"https:\/\/therapie-bei-tom.de\/index.php?rest_route=%2Fwp%2Fv2%2Fmedia&parent=20"}],"curies":[{"name":"wp","href":"https:\/\/api.w.org\/{rel}","templated":true}]}}